{"id":366,"date":"2016-03-26T15:47:24","date_gmt":"2016-03-26T15:47:24","guid":{"rendered":"https:\/\/drpaulomaciel.wordpress.com\/?page_id=366"},"modified":"2021-09-13T22:54:26","modified_gmt":"2021-09-14T01:54:26","slug":"leonardo-boff-e-a-crise-brasileira","status":"publish","type":"page","link":"https:\/\/mesaismo.com.br\/index.php\/o-governo-do-pt\/leonardo-boff-e-a-crise-brasileira\/","title":{"rendered":"Leonardo Boff e a crise brasileira"},"content":{"rendered":"<p><img decoding=\"async\" class=\" wp-image-376 aligncenter\" src=\"http:\/\/mesaismo.com.br\/wp-content\/uploads\/2016\/04\/leonardo_boff.jpg\" alt=\"Leonardo_Boff\" width=\"228\" height=\"305\" \/><\/p>\n<p>&nbsp;<\/p>\n<p><span style=\"color: #000000;\"><strong>Leonardo Boff escreve algumas pondera\u00e7\u00f5es interessantes em seu artigo &#8220;Dentro da sexta-feira santa pol\u00edtica um vislumbre de ressurrei\u00e7\u00e3o&#8221;, de 23\/03\/2016,\u00a0onde acho oportuno fazer alguns apontamentos e reflex\u00f5es:<\/strong><\/span><\/p>\n<p><span style=\"color: #ff0000;\"><strong>&#8220;O Brasil entrou num processo de crise. Deste caos deve irromper uma nova ordem que possa dar horizonte e esperan\u00e7a ao pa\u00eds. Precisa-se definir novas estrelas-guia que nos orientem face \u00e0 crise atual. A crise tem a fun\u00e7\u00e3o de acrisolar, purificar e tornar a todos mais maduros.&#8221;<\/strong><\/span><\/p>\n<p><span style=\"color: #000000;\"><strong>Creio que o maior lucro que vamos tirar de toda essa crise \u00e9 um amadurecimento coletivo da consci\u00eancia pol\u00edtica, fazendo o povo aprender que precisa participar do processo pol\u00edtico mais ativamente e n\u00e3o apenas votar e deixar seus representantes fazerem o que bem entendem com o poder que t\u00eam. <\/strong><\/span><br \/>\n<span style=\"color: #000000;\"><strong>Neste sentido, a &#8220;Democracia Representativa&#8221; \u00e9 uma grande distor\u00e7\u00e3o do conceito democr\u00e1tico, onde os cidad\u00e3os gregos em 500 a.C. votavam diretamente quest\u00f5es pol\u00edticas importantes, onde eles tinham igual voz e direito a voto (Democracia Direta). Na democracia direta o povo, atrav\u00e9s de plebiscito, referendo ou outras formas de consultas populares, pode decidir diretamente sobre assuntos pol\u00edticos ou administrativos de sua cidade, estado ou pa\u00eds; aqui n\u00e3o existem intermedi\u00e1rios (deputados, senadores, vereadores). A falha da Democracia Direta na Gr\u00e9cia Antiga reside no fato de que as mulheres, os estrangeiros (metecos), os escravos e as crian\u00e7as n\u00e3o participavam das decis\u00f5es pol\u00edticas da cidade, gerando uma democracia era bem limitada (cerca de 40 mil cidad\u00e3os apenas).<\/strong><\/span><br \/>\n<span style=\"color: #000000;\"><strong>J\u00e1 na Democracia Indireta (ou Representativa), o povo participa apenas atrav\u00e9s do voto, elegendo seus representantes (deputados, senadores, vereadores) que tomam decis\u00f5es em nome daqueles que os elegeram, ou seja &#8220;50% mais 1&#8221;. Em primeiro lugar, isso cria um falso conceito de maioria; por exemplo, nas elei\u00e7\u00f5es de 2014, Dilma obteve 51,64% dos votos e A\u00e9cio, 48,36%: A diferen\u00e7a de votos foi de apenas 3,4 milh\u00f5es!<\/strong><\/span><br \/>\n<span style=\"color: #000000;\"><strong>Em segundo lugar, porque muitas vezes os pol\u00edticos eleitos n\u00e3o s\u00e3o &#8220;pessoas honestas que se corrompem com o poder&#8221;, mas sim &#8220;pessoas corruptas que chegam ao poder&#8221;, justificando o conceito da sociopatia na pol\u00edtica, a &#8220;Ponerologia&#8221; (o &#8220;Estudo do Mal&#8221;, termo criado pelo psiquiatra polon\u00eas Andrzej M. \u0141obaczewski).<\/strong><\/span><\/p>\n<p><span style=\"color: #ff0000;\"><strong>&#8220;A quest\u00e3o toda se resume: quem possui a proposta pol\u00edtico-social que supere a crise e crie uma conviv\u00eancia minimamente pac\u00edfica? N\u00e3o ser\u00e1 atrav\u00e9s de f\u00f3rmulas j\u00e1 testadas e gastas que vir\u00e1 a supera\u00e7\u00e3o da crise dando centralidade a pol\u00edticas e a grupos de poder \u00e0 custa do sacrif\u00edcio da maioria da popula\u00e7\u00e3o.&#8221;<\/strong><\/span><\/p>\n<p><span style=\"color: #000000;\"><strong>Esta \u00e9 a grande quest\u00e3o analisada pela minha teoria pol\u00edtica: a patologia mundial criada pela Guerra Fria entre EUA e URSS, alimentadas pela &#8220;luta de classes&#8221; imaginada por Marx, levou centenas de milh\u00f5es de pessoas \u00e0 morte por fome, guerra ou pris\u00e3o. E o Brasil, por sua posi\u00e7\u00e3o estrat\u00e9gica para a Am\u00e9rica Latina, foi alvo por quase 100 anos do interesse desses dois pa\u00edses, alimentando as ideologias da Direita e da Esquerda, atrav\u00e9s de treinamentos de guerrilheiros em Cuba com patroc\u00ednio da URSS e apoio aos pol\u00edticos conservadores por parte da CIA e do governo americano, que acabou desembocando na luta entre a Ditadura Militar e a Ditadura Comunista. Esta luta ideol\u00f3gica ainda n\u00e3o acabou e est\u00e1 se fortalecendo cada vez mais, polarizando o Brasil e aumentando a tens\u00e3o entre as pessoas e suas cren\u00e7as, o que levou o Lula a dizer na campanha da Dilma do segundo mandato: \u201cEssa campanha est\u00e1 correndo o risco de ser uma campanha violenta\u201d; \u201cA elite brasileira est\u00e1 conseguindo fazer o que n\u00f3s nunca conseguimos: despertar o \u00f3dio de classes. Ela est\u00e1 conseguindo fazer com que o \u00f3dio tome conta de uma campanha.\u201d Por isso o sentimento que alimenta o pa\u00eds atualmente \u00e9 o do \u00f3dio, onde cada lado quer que o outro seja sumariamente eliminado ou execrado&#8230;<\/strong><\/span><\/p>\n<p><span style=\"color: #ff0000;\"><strong>&#8220;A nossa esperan\u00e7a \u00e9 que este padecimento se ordene a uma radiante transforma\u00e7\u00e3o. O corrupto seja punido e o que politicamente se fez errado seja corrigido. Importa definir um rumo, &#8230; uma nova ordem de conviv\u00eancia onde n\u00e3o seja t\u00e3o dif\u00edcil tratarmos a natureza com compaix\u00e3o e nossos pr\u00f3ximos com humanidade e com cuidado.&#8221;<\/strong><\/span><\/p>\n<p><span style=\"color: #000000;\"><strong>O \u00fanico caminho poss\u00edvel que vejo para este futuro de &#8220;conviv\u00eancia pac\u00edfica&#8221; em nosso pa\u00eds \u00e9 acabarmos definitivamente com o conceito ideol\u00f3gico da &#8220;luta de classes&#8221;, pararmos de acreditar que a Verdade est\u00e1 na Direita OU na Esquerda e que o Bem est\u00e1 nas m\u00e3os dos Conservadores OU dos Revolucion\u00e1rios! Temos que aprender, mesmo que seja com muito suor e sofrimento, que os pol\u00edticos devem ser apenas funcion\u00e1rios p\u00fablicos, eleitos e pagos para serem administradores da coisa p\u00fablica, sem serem defensores das ideologias doutrin\u00e1rias que j\u00e1 vimos aqui.<\/strong><\/span><\/p>\n<p><span style=\"color: #000000;\"><strong>Precisamos acabar de uma vez por todas a ideia escrita por Boff quando fala em<span style=\"color: #ff0000;\"> &#8220;riscos de ruptura da ordem democr\u00e1tica e de passagem de uma democracia do direito e das leis para uma democracia da direita e sem leis&#8221;<\/span>, sugerindo que s\u00f3 a Esquerda Socialista \u00e9 democr\u00e1tica, boa e legal, enquanto a Direita Capitalista \u00e9 m\u00e1 e ilegal&#8230;<\/strong><\/span><\/p>\n<p><span style=\"color: #000000;\"><strong>Os governos deveriam apenas administrar de forma competente os trabalhadores, os empregadores e o meio ambiente, harmonizando os interessantes de todos em prol de uma na\u00e7\u00e3o saud\u00e1vel e feliz!<\/strong><\/span><\/p>\n<p><span style=\"color: #000000;\"><strong>E quanto ao conceito da Ponerologia, todos os corruptos, sejam eles pol\u00edticos, empres\u00e1rios capitalistas ou revolucion\u00e1rios populistas, deveriam ser constantemente identificados, julgados e punidos exemplarmente, para inibir suas constantes e eternas investidas psicop\u00e1ticas pela ambi\u00e7\u00e3o ao Poder!<\/strong><\/span><\/p>\n<p><span style=\"color: #000000;\"><strong>Paz na Terra \u00e0s pessoas de boa vontade!<\/strong><\/span><\/p>\n","protected":false},"excerpt":{"rendered":"<p> &nbsp; Leonardo Boff escreve algumas pondera\u00e7\u00f5es interessantes em seu artigo &#8220;Dentro da sexta-feira santa pol\u00edtica um vislumbre de ressurrei\u00e7\u00e3o&#8221;, de 23\/03\/201<\/p>\n","protected":false},"author":2,"featured_media":0,"parent":612,"menu_order":0,"comment_status":"closed","ping_status":"closed","template":"","meta":{"footnotes":""},"class_list":["post-366","page","type-page","status-publish","hentry","article-is-loop","article-is-not-main-loop","article-is-standard","article-is-page"],"rankMath":{"parentDomain":"mesaismo.com.br","noFollowDomains":[],"noFollowExcludeDomains":[],"noFollowExternalLinks":false,"featuredImageNotice":"A imagem destacada deve ter pelo menos 200 por 200 pixels para ser reconhecida pelo Facebook e outros sites de m\u00eddia social.","pluginReviewed":false,"postSettings":{"linkSuggestions":true,"useFocusKeyword":false},"frontEndScore":false,"postName":"leonardo-boff-e-a-crise-brasileira","permalinkFormat":"https:\/\/mesaismo.com.br\/index.php\/o-governo-do-pt\/%pagename%\/","showLockModifiedDate":true,"assessor":{"focusKeywordLink":"https:\/\/mesaismo.com.br\/wp-admin\/edit.php?focus_keyword=%focus_keyword%&post_type=%post_type%","hasTOCPlugin":false,"primaryTaxonomy":false,"serpData":{"title":"","description":"","focusKeywords":"","pillarContent":false,"canonicalUrl":"","breadcrumbTitle":"","advancedRobots":[],"facebookTitle":"","facebookDescription":"","facebookImage":"","facebookImageID":"","facebookHasOverlay":false,"facebookImageOverlay":"","facebookAuthor":"","twitterCardType":"","twitterUseFacebook":true,"twitterTitle":"","twitterDescription":"","twitterImage":"","twitterImageID":"","twitterHasOverlay":false,"twitterImageOverlay":"","twitterPlayerUrl":"","twitterPlayerSize":"","twitterPlayerStream":"","twitterPlayerStreamCtype":"","twitterAppDescription":"","twitterAppIphoneName":"","twitterAppIphoneID":"","twitterAppIphoneUrl":"","twitterAppIpadName":"","twitterAppIpadID":"","twitterAppIpadUrl":"","twitterAppGoogleplayName":"","twitterAppGoogleplayID":"","twitterAppGoogleplayUrl":"","twitterAppCountry":"","robots":{"index":true},"twitterAuthor":"nome de usu\u00e1rio","primaryTerm":0,"authorName":"paulomaciel","titleTemplate":"%title% %sep% %sitename%","descriptionTemplate":"%excerpt%","showScoreFrontend":true,"lockModifiedDate":false},"powerWords":[],"diacritics":{"A":"[\\u0041\\u24B6\\uFF21\\u00C0\\u00C1\\u00C2\\u1EA6\\u1EA4\\u1EAA\\u1EA8\\u00C3\\u0100\\u0102\\u1EB0\\u1EAE\\u1EB4\\u1EB2\\u0226\\u01E0\\u00C4\\u01DE\\u1EA2\\u00C5\\u01FA\\u01CD\\u0200\\u0202\\u1EA0\\u1EAC\\u1EB6\\u1E00\\u0104\\u023A\\u2C6F]","AA":"[\\uA732]","AE":"[\\u00C6\\u01FC\\u01E2]","AO":"[\\uA734]","AU":"[\\uA736]","AV":"[\\uA738\\uA73A]","AY":"[\\uA73C]","B":"[\\u0042\\u24B7\\uFF22\\u1E02\\u1E04\\u1E06\\u0243\\u0182\\u0181]","C":"[\\u0043\\u24B8\\uFF23\\u0106\\u0108\\u010A\\u010C\\u00C7\\u1E08\\u0187\\u023B\\uA73E]","D":"[\\u0044\\u24B9\\uFF24\\u1E0A\\u010E\\u1E0C\\u1E10\\u1E12\\u1E0E\\u0110\\u018B\\u018A\\u0189\\uA779]","DZ":"[\\u01F1\\u01C4]","Dz":"[\\u01F2\\u01C5]","E":"[\\u0045\\u24BA\\uFF25\\u00C8\\u00C9\\u00CA\\u1EC0\\u1EBE\\u1EC4\\u1EC2\\u1EBC\\u0112\\u1E14\\u1E16\\u0114\\u0116\\u00CB\\u1EBA\\u011A\\u0204\\u0206\\u1EB8\\u1EC6\\u0228\\u1E1C\\u0118\\u1E18\\u1E1A\\u0190\\u018E]","F":"[\\u0046\\u24BB\\uFF26\\u1E1E\\u0191\\uA77B]","G":"[\\u0047\\u24BC\\uFF27\\u01F4\\u011C\\u1E20\\u011E\\u0120\\u01E6\\u0122\\u01E4\\u0193\\uA7A0\\uA77D\\uA77E]","H":"[\\u0048\\u24BD\\uFF28\\u0124\\u1E22\\u1E26\\u021E\\u1E24\\u1E28\\u1E2A\\u0126\\u2C67\\u2C75\\uA78D]","I":"[\\u0049\\u24BE\\uFF29\\u00CC\\u00CD\\u00CE\\u0128\\u012A\\u012C\\u0130\\u00CF\\u1E2E\\u1EC8\\u01CF\\u0208\\u020A\\u1ECA\\u012E\\u1E2C\\u0197]","J":"[\\u004A\\u24BF\\uFF2A\\u0134\\u0248]","K":"[\\u004B\\u24C0\\uFF2B\\u1E30\\u01E8\\u1E32\\u0136\\u1E34\\u0198\\u2C69\\uA740\\uA742\\uA744\\uA7A2]","L":"[\\u004C\\u24C1\\uFF2C\\u013F\\u0139\\u013D\\u1E36\\u1E38\\u013B\\u1E3C\\u1E3A\\u0141\\u023D\\u2C62\\u2C60\\uA748\\uA746\\uA780]","LJ":"[\\u01C7]","Lj":"[\\u01C8]","M":"[\\u004D\\u24C2\\uFF2D\\u1E3E\\u1E40\\u1E42\\u2C6E\\u019C]","N":"[\\u004E\\u24C3\\uFF2E\\u01F8\\u0143\\u00D1\\u1E44\\u0147\\u1E46\\u0145\\u1E4A\\u1E48\\u0220\\u019D\\uA790\\uA7A4]","NJ":"[\\u01CA]","Nj":"[\\u01CB]","O":"[\\u004F\\u24C4\\uFF2F\\u00D2\\u00D3\\u00D4\\u1ED2\\u1ED0\\u1ED6\\u1ED4\\u00D5\\u1E4C\\u022C\\u1E4E\\u014C\\u1E50\\u1E52\\u014E\\u022E\\u0230\\u00D6\\u022A\\u1ECE\\u0150\\u01D1\\u020C\\u020E\\u01A0\\u1EDC\\u1EDA\\u1EE0\\u1EDE\\u1EE2\\u1ECC\\u1ED8\\u01EA\\u01EC\\u00D8\\u01FE\\u0186\\u019F\\uA74A\\uA74C]","OI":"[\\u01A2]","OO":"[\\uA74E]","OU":"[\\u0222]","P":"[\\u0050\\u24C5\\uFF30\\u1E54\\u1E56\\u01A4\\u2C63\\uA750\\uA752\\uA754]","Q":"[\\u0051\\u24C6\\uFF31\\uA756\\uA758\\u024A]","R":"[\\u0052\\u24C7\\uFF32\\u0154\\u1E58\\u0158\\u0210\\u0212\\u1E5A\\u1E5C\\u0156\\u1E5E\\u024C\\u2C64\\uA75A\\uA7A6\\uA782]","S":"[\\u0053\\u24C8\\uFF33\\u1E9E\\u015A\\u1E64\\u015C\\u1E60\\u0160\\u1E66\\u1E62\\u1E68\\u0218\\u015E\\u2C7E\\uA7A8\\uA784]","T":"[\\u0054\\u24C9\\uFF34\\u1E6A\\u0164\\u1E6C\\u021A\\u0162\\u1E70\\u1E6E\\u0166\\u01AC\\u01AE\\u023E\\uA786]","TZ":"[\\uA728]","U":"[\\u0055\\u24CA\\uFF35\\u00D9\\u00DA\\u00DB\\u0168\\u1E78\\u016A\\u1E7A\\u016C\\u00DC\\u01DB\\u01D7\\u01D5\\u01D9\\u1EE6\\u016E\\u0170\\u01D3\\u0214\\u0216\\u01AF\\u1EEA\\u1EE8\\u1EEE\\u1EEC\\u1EF0\\u1EE4\\u1E72\\u0172\\u1E76\\u1E74\\u0244]","V":"[\\u0056\\u24CB\\uFF36\\u1E7C\\u1E7E\\u01B2\\uA75E\\u0245]","VY":"[\\uA760]","W":"[\\u0057\\u24CC\\uFF37\\u1E80\\u1E82\\u0174\\u1E86\\u1E84\\u1E88\\u2C72]","X":"[\\u0058\\u24CD\\uFF38\\u1E8A\\u1E8C]","Y":"[\\u0059\\u24CE\\uFF39\\u1EF2\\u00DD\\u0176\\u1EF8\\u0232\\u1E8E\\u0178\\u1EF6\\u1EF4\\u01B3\\u024E\\u1EFE]","Z":"[\\u005A\\u24CF\\uFF3A\\u0179\\u1E90\\u017B\\u017D\\u1E92\\u1E94\\u01B5\\u0224\\u2C7F\\u2C6B\\uA762]","a":"[\\u0061\\u24D0\\uFF41\\u1E9A\\u00E0\\u00E1\\u00E2\\u1EA7\\u1EA5\\u1EAB\\u1EA9\\u00E3\\u0101\\u0103\\u1EB1\\u1EAF\\u1EB5\\u1EB3\\u0227\\u01E1\\u00E4\\u01DF\\u1EA3\\u00E5\\u01FB\\u01CE\\u0201\\u0203\\u1EA1\\u1EAD\\u1EB7\\u1E01\\u0105\\u2C65\\u0250]","aa":"[\\uA733]","ae":"[\\u00E6\\u01FD\\u01E3]","ao":"[\\uA735]","au":"[\\uA737]","av":"[\\uA739\\uA73B]","ay":"[\\uA73D]","b":"[\\u0062\\u24D1\\uFF42\\u1E03\\u1E05\\u1E07\\u0180\\u0183\\u0253]","c":"[\\u0063\\u24D2\\uFF43\\u0107\\u0109\\u010B\\u010D\\u00E7\\u1E09\\u0188\\u023C\\uA73F\\u2184]","d":"[\\u0064\\u24D3\\uFF44\\u1E0B\\u010F\\u1E0D\\u1E11\\u1E13\\u1E0F\\u0111\\u018C\\u0256\\u0257\\uA77A]","dz":"[\\u01F3\\u01C6]","e":"[\\u0065\\u24D4\\uFF45\\u00E8\\u00E9\\u00EA\\u1EC1\\u1EBF\\u1EC5\\u1EC3\\u1EBD\\u0113\\u1E15\\u1E17\\u0115\\u0117\\u00EB\\u1EBB\\u011B\\u0205\\u0207\\u1EB9\\u1EC7\\u0229\\u1E1D\\u0119\\u1E19\\u1E1B\\u0247\\u025B\\u01DD]","f":"[\\u0066\\u24D5\\uFF46\\u1E1F\\u0192\\uA77C]","g":"[\\u0067\\u24D6\\uFF47\\u01F5\\u011D\\u1E21\\u011F\\u0121\\u01E7\\u0123\\u01E5\\u0260\\uA7A1\\u1D79\\uA77F]","h":"[\\u0068\\u24D7\\uFF48\\u0125\\u1E23\\u1E27\\u021F\\u1E25\\u1E29\\u1E2B\\u1E96\\u0127\\u2C68\\u2C76\\u0265]","hv":"[\\u0195]","i":"[\\u0069\\u24D8\\uFF49\\u00EC\\u00ED\\u00EE\\u0129\\u012B\\u012D\\u00EF\\u1E2F\\u1EC9\\u01D0\\u0209\\u020B\\u1ECB\\u012F\\u1E2D\\u0268\\u0131]","j":"[\\u006A\\u24D9\\uFF4A\\u0135\\u01F0\\u0249]","k":"[\\u006B\\u24DA\\uFF4B\\u1E31\\u01E9\\u1E33\\u0137\\u1E35\\u0199\\u2C6A\\uA741\\uA743\\uA745\\uA7A3]","l":"[\\u006C\\u24DB\\uFF4C\\u0140\\u013A\\u013E\\u1E37\\u1E39\\u013C\\u1E3D\\u1E3B\\u017F\\u0142\\u019A\\u026B\\u2C61\\uA749\\uA781\\uA747]","lj":"[\\u01C9]","m":"[\\u006D\\u24DC\\uFF4D\\u1E3F\\u1E41\\u1E43\\u0271\\u026F]","n":"[\\u006E\\u24DD\\uFF4E\\u01F9\\u0144\\u00F1\\u1E45\\u0148\\u1E47\\u0146\\u1E4B\\u1E49\\u019E\\u0272\\u0149\\uA791\\uA7A5]","nj":"[\\u01CC]","o":"[\\u006F\\u24DE\\uFF4F\\u00F2\\u00F3\\u00F4\\u1ED3\\u1ED1\\u1ED7\\u1ED5\\u00F5\\u1E4D\\u022D\\u1E4F\\u014D\\u1E51\\u1E53\\u014F\\u022F\\u0231\\u00F6\\u022B\\u1ECF\\u0151\\u01D2\\u020D\\u020F\\u01A1\\u1EDD\\u1EDB\\u1EE1\\u1EDF\\u1EE3\\u1ECD\\u1ED9\\u01EB\\u01ED\\u00F8\\u01FF\\u0254\\uA74B\\uA74D\\u0275]","oi":"[\\u01A3]","ou":"[\\u0223]","oo":"[\\uA74F]","p":"[\\u0070\\u24DF\\uFF50\\u1E55\\u1E57\\u01A5\\u1D7D\\uA751\\uA753\\uA755]","q":"[\\u0071\\u24E0\\uFF51\\u024B\\uA757\\uA759]","r":"[\\u0072\\u24E1\\uFF52\\u0155\\u1E59\\u0159\\u0211\\u0213\\u1E5B\\u1E5D\\u0157\\u1E5F\\u024D\\u027D\\uA75B\\uA7A7\\uA783]","s":"[\\u0073\\u24E2\\uFF53\\u015B\\u1E65\\u015D\\u1E61\\u0161\\u1E67\\u1E63\\u1E69\\u0219\\u015F\\u023F\\uA7A9\\uA785\\u1E9B]","ss":"[\\u00DF]","t":"[\\u0074\\u24E3\\uFF54\\u1E6B\\u1E97\\u0165\\u1E6D\\u021B\\u0163\\u1E71\\u1E6F\\u0167\\u01AD\\u0288\\u2C66\\uA787]","tz":"[\\uA729]","u":"[\\u0075\\u24E4\\uFF55\\u00F9\\u00FA\\u00FB\\u0169\\u1E79\\u016B\\u1E7B\\u016D\\u00FC\\u01DC\\u01D8\\u01D6\\u01DA\\u1EE7\\u016F\\u0171\\u01D4\\u0215\\u0217\\u01B0\\u1EEB\\u1EE9\\u1EEF\\u1EED\\u1EF1\\u1EE5\\u1E73\\u0173\\u1E77\\u1E75\\u0289]","v":"[\\u0076\\u24E5\\uFF56\\u1E7D\\u1E7F\\u028B\\uA75F\\u028C]","vy":"[\\uA761]","w":"[\\u0077\\u24E6\\uFF57\\u1E81\\u1E83\\u0175\\u1E87\\u1E85\\u1E98\\u1E89\\u2C73]","x":"[\\u0078\\u24E7\\uFF58\\u1E8B\\u1E8D]","y":"[\\u0079\\u24E8\\uFF59\\u1EF3\\u00FD\\u0177\\u1EF9\\u0233\\u1E8F\\u00FF\\u1EF7\\u1E99\\u1EF5\\u01B4\\u024F\\u1EFF]","z":"[\\u007A\\u24E9\\uFF5A\\u017A\\u1E91\\u017C\\u017E\\u1E93\\u1E95\\u01B6\\u0225\\u0240\\u2C6C\\uA763]"},"researchesTests":["contentHasTOC","contentHasShortParagraphs","contentHasAssets","keywordInTitle","keywordInMetaDescription","keywordInPermalink","keywordIn10Percent","keywordInContent","keywordInSubheadings","keywordInImageAlt","keywordDensity","keywordNotUsed","lengthContent","lengthPermalink","linksHasInternal","linksHasExternals","linksNotAllExternals","titleStartWithKeyword","titleSentiment","titleHasPowerWords","titleHasNumber","hasContentAI"],"hasRedirection":false,"hasBreadcrumb":false},"homeUrl":"https:\/\/mesaismo.com.br","objectID":366,"objectType":"post","locale":"pt","localeFull":"pt_BR","overlayImages":{"play":{"name":"\u00cdcone de reprodu\u00e7\u00e3o","url":"https:\/\/mesaismo.com.br\/wp-content\/plugins\/seo-by-rank-math\/assets\/admin\/img\/icon-play.png","path":"\/home\/mesaismo\/www\/wp-content\/plugins\/seo-by-rank-math\/assets\/admin\/img\/icon-play.png","position":"middle_center"},"gif":{"name":"\u00cdcone GIF","url":"https:\/\/mesaismo.com.br\/wp-content\/plugins\/seo-by-rank-math\/assets\/admin\/img\/icon-gif.png","path":"\/home\/mesaismo\/www\/wp-content\/plugins\/seo-by-rank-math\/assets\/admin\/img\/icon-gif.png","position":"middle_center"}},"defautOgImage":"https:\/\/mesaismo.com.br\/wp-content\/plugins\/seo-by-rank-math\/assets\/admin\/img\/social-placeholder.jpg","customPermalinks":true,"isUserRegistered":true,"autoSuggestKeywords":true,"connectSiteUrl":"https:\/\/rankmath.com\/auth?site=https%3A%2F%2Fmesaismo.com.br&r=https%3A%2F%2Fmesaismo.com.br%2Findex.php%2Fwp-json%2Fwp%2Fv2%2Fpages%2F366%3Fnonce%3D7a76cd1ef2","maxTags":5,"trendsIcon":"<svg viewBox=\"0 0 610 610\"><path d=\"M18.85,446,174.32,290.48l58.08,58.08L76.93,504a14.54,14.54,0,0,1-20.55,0L18.83,466.48a14.54,14.54,0,0,1,0-20.55Z\" style=\"fill:#4285f4\"\/><path d=\"M242.65,242.66,377.59,377.6l-47.75,47.75a14.54,14.54,0,0,1-20.55,0L174.37,290.43l47.75-47.75A14.52,14.52,0,0,1,242.65,242.66Z\" style=\"fill:#ea4335\"\/><polygon points=\"319.53 319.53 479.26 159.8 537.34 217.88 377.61 377.62 319.53 319.53\" style=\"fill:#fabb05\"\/><path d=\"M594.26,262.73V118.61h0a16.94,16.94,0,0,0-16.94-16.94H433.2a16.94,16.94,0,0,0-12,28.92L565.34,274.71h0a16.94,16.94,0,0,0,28.92-12Z\" style=\"fill:#34a853\"\/><rect width=\"610\" height=\"610\" style=\"fill:none\"\/><\/svg>","showScore":true,"siteFavIcon":"data:image\/png;base64,iVBORw0KGgoAAAANSUhEUgAAABAAAAAQCAYAAAAf8\/9hAAABs0lEQVR4AWL4\/\/8\/RRjO8Iucx+noO0MWUDo16FYABMGP6ZfUcRnWtm27jVPbtm3bttuH2t3eFPcY9pLz7NxiLjCyVd87pKnHyqXyxtCs8APd0rnyxiu4qSeA3QEDrAwBDrT1s1Rc\/OrjLZwqVmOSu6+Lamcpp2KKMA9PH1BYXMe1mUP5qotvXTywsOEEYHXxrY+3cqk6TMkYpNr2FeoY3KIr0RPtn9wQ2unlA+GMkRw6+9TFw4YTwDUzx\/JVvARj9KaedXRO8P5B1Du2S32smzqUrcKGEyA+uAgQjKX7zf0boWHGfn71jIKj2689gxp7OAGShNcBUmLMPVjZuiKcA2vuWHHDCQxMCz629kXAIU4ApY15QwggAFbfOP9DhgBJ+nWVJ1AZAfICAj1pAlY6hCADZnveQf7bQIwzVONGJonhLIlS9gr5mFg44Xd+4S3XHoGNPdJl1INIwKyEgHckEhgTe1bGiFY9GSFBYUwLh1IkiJUbY407E7syBSFxKTszEoiE\/YdrgCEayDmtaJwCI9uu8TKMuZSVfSa4BpGgzvomBR\/INhLGzrqDotp01ZR8pn\/1L0JN9d9XNyx0AAAAAElFTkSuQmCC","canUser":{"general":false,"advanced":false,"snippet":false,"social":false,"analysis":false,"analytics":false,"content_ai":false},"showKeywordIntent":true,"isPro":false,"is_front_page":false,"trendsUpgradeLink":"https:\/\/rankmath.com\/pricing\/?utm_source=Plugin&utm_medium=CE%20General%20Tab%20Trends&utm_campaign=WP","trendsUpgradeLabel":"Atualizar","trendsPreviewImage":"https:\/\/mesaismo.com.br\/wp-content\/plugins\/seo-by-rank-math\/assets\/admin\/img\/trends-preview.jpg","currentEditor":false,"homepageData":{"assessor":{"powerWords":[],"diacritics":true,"researchesTests":["contentHasTOC","contentHasShortParagraphs","contentHasAssets","keywordInTitle","keywordInMetaDescription","keywordInPermalink","keywordIn10Percent","keywordInContent","keywordInSubheadings","keywordInImageAlt","keywordDensity","keywordNotUsed","lengthContent","lengthPermalink","linksHasInternal","linksHasExternals","linksNotAllExternals","titleStartWithKeyword","titleSentiment","titleHasPowerWords","titleHasNumber","hasContentAI"],"hasBreadcrumb":false,"serpData":{"title":"%sitename% %page% %sep% %sitedesc%","description":"","titleTemplate":"%sitename% %page% %sep% %sitedesc%","descriptionTemplate":"","focusKeywords":"","breadcrumbTitle":"Home","robots":{"index":true},"advancedRobots":[],"facebookTitle":"","facebookDescription":"","facebookImage":"","facebookImageID":""}}},"tocTitle":"Table of Contents","tocExcludeHeadings":[],"listStyle":"ul"},"jetpack_sharing_enabled":true,"_links":{"self":[{"href":"https:\/\/mesaismo.com.br\/index.php\/wp-json\/wp\/v2\/pages\/366","targetHints":{"allow":["GET"]}}],"collection":[{"href":"https:\/\/mesaismo.com.br\/index.php\/wp-json\/wp\/v2\/pages"}],"about":[{"href":"https:\/\/mesaismo.com.br\/index.php\/wp-json\/wp\/v2\/types\/page"}],"author":[{"embeddable":true,"href":"https:\/\/mesaismo.com.br\/index.php\/wp-json\/wp\/v2\/users\/2"}],"replies":[{"embeddable":true,"href":"https:\/\/mesaismo.com.br\/index.php\/wp-json\/wp\/v2\/comments?post=366"}],"version-history":[{"count":3,"href":"https:\/\/mesaismo.com.br\/index.php\/wp-json\/wp\/v2\/pages\/366\/revisions"}],"predecessor-version":[{"id":662,"href":"https:\/\/mesaismo.com.br\/index.php\/wp-json\/wp\/v2\/pages\/366\/revisions\/662"}],"up":[{"embeddable":true,"href":"https:\/\/mesaismo.com.br\/index.php\/wp-json\/wp\/v2\/pages\/612"}],"wp:attachment":[{"href":"https:\/\/mesaismo.com.br\/index.php\/wp-json\/wp\/v2\/media?parent=366"}],"curies":[{"name":"wp","href":"https:\/\/api.w.org\/{rel}","templated":true}]}}